{"id":2,"date":"2023-04-19T12:20:31","date_gmt":"2023-04-19T12:20:31","guid":{"rendered":"https:\/\/beylikduzuescortcu.com\/?page_id=2"},"modified":"2024-03-22T04:24:48","modified_gmt":"2024-03-22T04:24:48","slug":"sample-page","status":"publish","type":"page","link":"https:\/\/beylikduzuescortcu.com\/","title":{"rendered":"Beylikd\u00fcz\u00fc Escort"},"content":{"rendered":"<p><a href=\"https:\/\/beylikduzuescortcu.com\/\"><strong>Beylikd\u00fcz\u00fc Escort<\/strong><\/a>, \u0130stanbul \u015fehrinin en kalabal\u0131k il\u00e7elerinden biridir. Bu il\u00e7ede \u00e7al\u0131\u015fmalar\u0131na ara vermeden devam eden eskort bayanlar ile ileti\u015fime ge\u00e7mek \u00e7ok kolay.<\/p>\n<p><img loading=\"lazy\" decoding=\"async\" class=\"aligncenter wp-image-12 size-large\" src=\"https:\/\/beylikduzuescortcu.com\/wp-content\/uploads\/2023\/04\/beylikduzu-escort-1024x683.jpeg\" alt=\"beylikd\u00fcz\u00fc escort\" width=\"750\" height=\"500\" srcset=\"https:\/\/beylikduzuescortcu.com\/wp-content\/uploads\/2023\/04\/beylikduzu-escort-1024x683.jpeg 1024w, https:\/\/beylikduzuescortcu.com\/wp-content\/uploads\/2023\/04\/beylikduzu-escort-300x200.jpeg 300w, https:\/\/beylikduzuescortcu.com\/wp-content\/uploads\/2023\/04\/beylikduzu-escort-768x512.jpeg 768w, https:\/\/beylikduzuescortcu.com\/wp-content\/uploads\/2023\/04\/beylikduzu-escort-420x280.jpeg 420w, https:\/\/beylikduzuescortcu.com\/wp-content\/uploads\/2023\/04\/beylikduzu-escort.jpeg 1125w\" sizes=\"auto, (max-width: 750px) 100vw, 750px\" \/><\/p>\n<h2>Beylikd\u00fcz\u00fc Escort Bayan Hakk\u0131nda Bilgiler<\/h2>\n<p><strong>Escort Beylikd\u00fcz\u00fc<\/strong> hizmeti, ki\u015finin para kar\u015f\u0131l\u0131\u011f\u0131nda ba\u015fka bir ki\u015fiyle zaman ge\u00e7irmesi veya cinsel aktivitelerde bulunmas\u0131 anlam\u0131na gelir. Eskortlar, genellikle belirli bir s\u00fcre i\u00e7in m\u00fc\u015fterilerine e\u015flik ederler ve \u00e7e\u015fitli etkinliklere kat\u0131labilirler. Bunlar, i\u015f toplant\u0131lar\u0131, yemekler, seyahatler veya sadece birlikte zaman ge\u00e7irme faaliyetleri olabilir.<\/p>\n<p>\u00c7e\u015fitli B\u00f6lgelerden Escor kad\u0131nlardan bahsedelim biraz.<\/p>\n<p>Kaliteli bir birliketlik istiyorsan\u0131z <a rel=\"sponsored\" href=\"https:\/\/www.istanbultaksi.org\/\">istanbul escort<\/a> kad\u0131n se\u00e7imi \u00e7ok \u00f6nemlidir.<\/p>\n<p>Hizmetler<\/p>\n<p>Kaliteli ve unutulmaz bir deneyim sunma<\/p>\n<p>Farkl\u0131 etkinlikler ve sosyal ortamlarda e\u015flik etme<\/p>\n<p>Seyahat ve tatil planlar\u0131n\u0131za e\u015flik etme <a rel=\"sponsored\" href=\"https:\/\/www.cybergreet.net\/\">mecidiyek\u00f6y escort<\/a> \u0130\u015f yemekleri, toplant\u0131lar ve \u00f6zel davetlerde partnerlik hizmeti veren k\u0131zlar.<\/p>\n<p>\u0130leti\u015fim<\/p>\n<p>E\u011fer bu tan\u0131t\u0131mda bahsedilen eskort bayan ile ileti\u015fime ge\u00e7mek isterseniz, Telefon numaras\u0131, Whatsapp, Telegram, Facebook bilgilerini kullanarak kendisine ula\u015fabilirsiniz.<\/p>\n<p>ger\u00e7ek T\u00fcrk <a rel=\"sponsored\" href=\"https:\/\/isislives.com\/\">\u015fi\u015fli escort<\/a> kad\u0131nlar\u0131n\u0131 tercih edebilirsiniz.<\/p>\n<p>Siz de kendinize uygun bir partner bulabilir ve unutulmaz an\u0131lar biriktirebilirsiniz. \u0130yi e\u011flenceler!<\/p>\n<p>Asla bulamad\u0131m demeyin. <a rel=\"sponsored\" href=\"https:\/\/www.escort10.com\/\">ata\u015fehir escort<\/a> k\u0131zlar\u0131 S\u0131n\u0131rs\u0131z seks hizmeti veriyor.<\/p>\n<p>Anadolunun Kaplanlar\u0131 <a rel=\"sponsored\" href=\"https:\/\/www.kaysericelik.com\/\">kayseri escort<\/a> hatunlar\u0131n\u0131n en ger\u00e7ek foto\u011fraflar\u0131.<\/p>\n<p>Akdeniz Akdeniz <a rel=\"sponsored\" href=\"https:\/\/antalyaestetik.org\/\">antalya escort<\/a> kad\u0131n isteriz diyenlere. Reel bir web sayfas\u0131.<\/p>\n<p>Bodrum geceleri bir ba\u015fka, <a rel=\"sponsored\" href=\"https:\/\/bodrumyachtservice.com\/\">bodrum escort<\/a> kad\u0131n olursa bir de yan\u0131n\u0131zda.<\/p>\n<p>7\/24 whatsapplar\u0131 a\u00e7\u0131k. sizlerin aray\u0131p randevu olu\u015fturman\u0131z\u0131 bekliyorlar. \u00f6zellikle hafta sonlar\u0131 1 g\u00fcn \u00f6nce rezervasyon yapt\u0131rmay\u0131 d\u00fc\u015f\u00fcnebilirsiniz.<\/p>\n<p>Devasa il\u00e7emizin en g\u00fczide <a rel=\"sponsored\" href=\"https:\/\/www.paraf.org\/\">esenyurt escort<\/a> hatunlar\u0131 aray\u0131p randevu olu\u015fturman\u0131z\u0131 bekliyor.<\/p>\n<p>istanbulun g\u00f6zdesi semtimizde <a rel=\"sponsored\" href=\"https:\/\/www.alissa-escort.com\/\">taksim escort<\/a> bayanlar\u0131n\u0131 pas ge\u00e7emezdik elbette.<\/p>\n<p><img loading=\"lazy\" decoding=\"async\" class=\"alignnone size-large wp-image-13\" src=\"https:\/\/beylikduzuescortcu.com\/wp-content\/uploads\/2023\/04\/escort-beylikduzu-1024x683.jpeg\" alt=\"escort-beylikduzu\" width=\"750\" height=\"500\" srcset=\"https:\/\/beylikduzuescortcu.com\/wp-content\/uploads\/2023\/04\/escort-beylikduzu-1024x683.jpeg 1024w, https:\/\/beylikduzuescortcu.com\/wp-content\/uploads\/2023\/04\/escort-beylikduzu-300x200.jpeg 300w, https:\/\/beylikduzuescortcu.com\/wp-content\/uploads\/2023\/04\/escort-beylikduzu-768x512.jpeg 768w, https:\/\/beylikduzuescortcu.com\/wp-content\/uploads\/2023\/04\/escort-beylikduzu-420x280.jpeg 420w, https:\/\/beylikduzuescortcu.com\/wp-content\/uploads\/2023\/04\/escort-beylikduzu.jpeg 1125w\" sizes=\"auto, (max-width: 750px) 100vw, 750px\" \/><\/p>\n<p>Eskortlar, ajanslar veya ba\u011f\u0131ms\u0131z olarak \u00e7al\u0131\u015fabilirler. Ajanslar, eskort hizmetleri sunan bir \u015firket olarak hareket ederler ve m\u00fc\u015fterilere farkl\u0131 se\u00e7enekler sunarlar. Ancak \u00fclkemizde bu t\u00fcr ajanslar yok. Ba\u011f\u0131ms\u0131z eskortlar ise, beylikduzuescortcu.com internet sitesi \u00fczerinden direk siz m\u00fc\u015fterileri ile ileti\u015fime ge\u00e7er.<\/p>\n<p><strong>Beylikd\u00fcz\u00fc Escort Bayan<\/strong>, m\u00fc\u015fterilerin \u00f6zel isteklerine g\u00f6re de\u011fi\u015febilir. Baz\u0131 m\u00fc\u015fteriler, sadece birlikte vakit ge\u00e7irmek isteyebilirken, di\u011ferleri cinsel aktivitelerde bulunmak isteyebilirler. <strong>Escort Bayan<\/strong>, m\u00fc\u015fterilerinin taleplerine uygun olarak hizmet sunarlar, ancak m\u00fc\u015fteri taraf\u0131ndan istenmeyen bir davran\u0131\u015fa izin vermezler.<\/p>\n<p><img loading=\"lazy\" decoding=\"async\" class=\"alignnone size-large wp-image-14\" src=\"https:\/\/beylikduzuescortcu.com\/wp-content\/uploads\/2023\/04\/beylikduzu-escort-bayan-1024x683.jpeg\" alt=\"beylikduzu-escort-bayan\" width=\"750\" height=\"500\" srcset=\"https:\/\/beylikduzuescortcu.com\/wp-content\/uploads\/2023\/04\/beylikduzu-escort-bayan-1024x683.jpeg 1024w, https:\/\/beylikduzuescortcu.com\/wp-content\/uploads\/2023\/04\/beylikduzu-escort-bayan-300x200.jpeg 300w, https:\/\/beylikduzuescortcu.com\/wp-content\/uploads\/2023\/04\/beylikduzu-escort-bayan-768x512.jpeg 768w, https:\/\/beylikduzuescortcu.com\/wp-content\/uploads\/2023\/04\/beylikduzu-escort-bayan-420x280.jpeg 420w, https:\/\/beylikduzuescortcu.com\/wp-content\/uploads\/2023\/04\/beylikduzu-escort-bayan.jpeg 1125w\" sizes=\"auto, (max-width: 750px) 100vw, 750px\" \/><\/p>\n<p>Sonu\u00e7 olarak, Beylikd\u00fcz\u00fc Escort Hizmeti, ki\u015filerin belirli bir s\u00fcre i\u00e7in ba\u015fka bir ki\u015fiyle zaman ge\u00e7irmesini veya cinsel aktivitelerde bulunmas\u0131n\u0131 ifade eder. Bu bayanlar her \u0131rktan ve her renkten olu\u015fmaktad\u0131r. \u00d6rne\u011fin, \u00fclkemizde ve avrupada en \u00e7ok tercih edilen Rus Escort, Ukraynal\u0131 Escort olarak ikiye ayr\u0131lmaktad\u0131r. Akl\u0131n\u0131za gelen hemen hemen her \u0131rktan bayan bulunmaktad\u0131r.<\/p>\n<h2>Escort Beylikd\u00fcz\u00fc ile \u0130leti\u015fim<\/h2>\n<p><a href=\"https:\/\/beylikduzuescortcu.com\/\"><strong>Escort Beylikd\u00fcz\u00fc Bayan<\/strong><\/a> ile ileti\u015fime ge\u00e7erken dikkatli olman\u0131z gereken baz\u0131 konular vard\u0131r. Bunlardan bir tanesi kesinlikle kibar ve centilmen bir dil kullanmal\u0131s\u0131n\u0131z. Ki\u015fisel bak\u0131m\u0131n\u0131za \u00e7ok \u00f6zen g\u00f6stermelisiniz. Sonu\u00e7ta bu bayanlar da insan ve ilgi, alaka bekliyorlar. \u015eimdiden kendinize uygun <strong>beylikd\u00fcz\u00fc eskort bayan<\/strong> ile tan\u0131\u015f\u0131p g\u00fczel vakit ge\u00e7irmenizi temenni ediyoruz.<\/p>\n","protected":false},"excerpt":{"rendered":"<p>Beylikd\u00fcz\u00fc Escort, \u0130stanbul \u015fehrinin en kalabal\u0131k il\u00e7elerinden biridir. Bu il\u00e7ede \u00e7al\u0131\u015fmalar\u0131na ara vermeden devam eden eskort bayanlar ile ileti\u015fime ge\u00e7mek \u00e7ok kolay. Beylikd\u00fcz\u00fc Escort Bayan<\/p>\n","protected":false},"author":1,"featured_media":0,"parent":0,"menu_order":0,"comment_status":"closed","ping_status":"open","template":"","meta":{"footnotes":""},"class_list":["post-2","page","type-page","status-publish","hentry"],"aioseo_notices":[],"_links":{"self":[{"href":"https:\/\/beylikduzuescortcu.com\/index.php\/wp-json\/wp\/v2\/pages\/2","targetHints":{"allow":["GET"]}}],"collection":[{"href":"https:\/\/beylikduzuescortcu.com\/index.php\/wp-json\/wp\/v2\/pages"}],"about":[{"href":"https:\/\/beylikduzuescortcu.com\/index.php\/wp-json\/wp\/v2\/types\/page"}],"author":[{"embeddable":true,"href":"https:\/\/beylikduzuescortcu.com\/index.php\/wp-json\/wp\/v2\/users\/1"}],"replies":[{"embeddable":true,"href":"https:\/\/beylikduzuescortcu.com\/index.php\/wp-json\/wp\/v2\/comments?post=2"}],"version-history":[{"count":3,"href":"https:\/\/beylikduzuescortcu.com\/index.php\/wp-json\/wp\/v2\/pages\/2\/revisions"}],"predecessor-version":[{"id":17,"href":"https:\/\/beylikduzuescortcu.com\/index.php\/wp-json\/wp\/v2\/pages\/2\/revisions\/17"}],"wp:attachment":[{"href":"https:\/\/beylikduzuescortcu.com\/index.php\/wp-json\/wp\/v2\/media?parent=2"}],"curies":[{"name":"wp","href":"https:\/\/api.w.org\/{rel}","templated":true}]}}